{"id":57,"date":"2021-05-06T19:45:31","date_gmt":"2021-05-06T19:45:31","guid":{"rendered":"http:\/\/posto-antt.com.br\/?page_id=57"},"modified":"2021-05-06T20:50:22","modified_gmt":"2021-05-06T20:50:22","slug":"infracoes-e-penalidades","status":"publish","type":"page","link":"https:\/\/posto-antt.com.br\/?page_id=57","title":{"rendered":"Infra\u00e7\u00f5es e Penalidades"},"content":{"rendered":"\t\t<div data-elementor-type=\"wp-page\" data-elementor-id=\"57\" class=\"elementor elementor-57\">\n\t\t\t\t\t\t<section class=\"elementor-section elementor-top-section elementor-element elementor-element-e5b1e62 elementor-section-boxed elementor-section-height-default elementor-section-height-default\" data-id=\"e5b1e62\" data-element_type=\"section\">\n\t\t\t\t\t\t<div class=\"elementor-container elementor-column-gap-default\">\n\t\t\t\t\t<div class=\"elementor-column elementor-col-100 elementor-top-column elementor-element elementor-element-4aae726\" data-id=\"4aae726\" data-element_type=\"column\">\n\t\t\t<div class=\"elementor-widget-wrap elementor-element-populated\">\n\t\t\t\t\t\t<div class=\"elementor-element elementor-element-1e27956 elementor-widget elementor-widget-heading\" data-id=\"1e27956\" data-element_type=\"widget\" data-widget_type=\"heading.default\">\n\t\t\t\t<div class=\"elementor-widget-container\">\n\t\t\t\t\t<h3 class=\"elementor-heading-title elementor-size-default\">Infra\u00e7\u00f5es e Penalidades<\/h3>\t\t\t\t<\/div>\n\t\t\t\t<\/div>\n\t\t\t\t\t<\/div>\n\t\t<\/div>\n\t\t\t\t\t<\/div>\n\t\t<\/section>\n\t\t\t\t<section class=\"elementor-section elementor-top-section elementor-element elementor-element-52e579c elementor-section-boxed elementor-section-height-default elementor-section-height-default\" data-id=\"52e579c\" data-element_type=\"section\">\n\t\t\t\t\t\t<div class=\"elementor-container elementor-column-gap-default\">\n\t\t\t\t\t<div class=\"elementor-column elementor-col-100 elementor-top-column elementor-element elementor-element-d998604\" data-id=\"d998604\" data-element_type=\"column\">\n\t\t\t<div class=\"elementor-widget-wrap elementor-element-populated\">\n\t\t\t\t\t\t<div class=\"elementor-element elementor-element-ab48924 elementor-widget elementor-widget-shortcode\" data-id=\"ab48924\" data-element_type=\"widget\" data-widget_type=\"shortcode.default\">\n\t\t\t\t<div class=\"elementor-widget-container\">\n\t\t\t\t\t\t\t<div class=\"elementor-shortcode\">\n<table id=\"tablepress-1\" class=\"tablepress tablepress-id-1\">\n<thead>\n<tr class=\"row-1\">\n\t<th class=\"column-1\">Infra\u00e7\u00e3o<\/th><th class=\"column-2\">\tPenalidade<\/th>\n<\/tr>\n<\/thead>\n<tbody class=\"row-striping row-hover\">\n<tr class=\"row-2\">\n\t<td class=\"column-1\">Evadir, obstruir ou, de qualquer forma, dificultar a fiscaliza\u00e7\u00e3o<\/td><td class=\"column-2\">R$ 5.000,00, cancelamento do RNTRC e impedimento de obter registro pelo prazo de 2 anos<\/td>\n<\/tr>\n<tr class=\"row-3\">\n\t<td class=\"column-1\">Efetuar transporte rodovi\u00e1rio de carga por conta de terceiro e mediante remunera\u00e7\u00e3o com RNTRC para fins de consecu\u00e7\u00e3o de atividade tipifica como crime<\/td><td class=\"column-2\">R$ 3.000,00, cancelamento do RNTRC e impedimento de obter registro pelo prazo de 2 anos<\/td>\n<\/tr>\n<tr class=\"row-4\">\n\t<td class=\"column-1\">Apresentar informa\u00e7\u00e3o falsa para inscri\u00e7\u00e3o no RNTRC<\/td><td class=\"column-2\">R$ 3.000,00 e impedimento do transportador para obter um novo registro pelo prazo de 2 anos<\/td>\n<\/tr>\n<tr class=\"row-5\">\n\t<td class=\"column-1\">Apresentar identifica\u00e7\u00e3o do ve\u00edculo ou Certificado do RNTRC falso ou adulterado<\/td><td class=\"column-2\">R$ 3.000,00, cancelamento do RNTRC e impedimento de obter registro pelo prazo de 2 anos<\/td>\n<\/tr>\n<tr class=\"row-6\">\n\t<td class=\"column-1\">Efetuar transporte rodovi\u00e1rio de carga por conta de terceiro e mediante remunera\u00e7\u00e3o com RNTRC cancelado<\/td><td class=\"column-2\">R$ 2.000,00<\/td>\n<\/tr>\n<tr class=\"row-7\">\n\t<td class=\"column-1\">Efetuar transporte rodovi\u00e1rio de carga por conta de terceiro e mediante remunera\u00e7\u00e3o sem estar inscrito no RNTRC<\/td><td class=\"column-2\">R$ 1.500,00<\/td>\n<\/tr>\n<tr class=\"row-8\">\n\t<td class=\"column-1\">Contratar o transporte rodovi\u00e1rio de cargas de transportador sem inscri\u00e7\u00e3o no RNTRC ou com a inscri\u00e7\u00e3o vencida, suspensa ou cancelada<\/td><td class=\"column-2\">R$ 1.500,00<\/td>\n<\/tr>\n<tr class=\"row-9\">\n\t<td class=\"column-1\">Efetuar transporte rodovi\u00e1rio de carga por conta de terceiro e mediante remunera\u00e7\u00e3o com RNTRC suspenso ou vencido<\/td><td class=\"column-2\">R$ 1.000,00<\/td>\n<\/tr>\n<tr class=\"row-10\">\n\t<td class=\"column-1\">Efetuar transporte rodovi\u00e1rio de carga por conta de terceiro e mediante remunera\u00e7\u00e3o em ve\u00edculo n\u00e3o cadastrado na sua frota<\/td><td class=\"column-2\">R$ 750,00<\/td>\n<\/tr>\n<tr class=\"row-11\">\n\t<td class=\"column-1\">Efetuar transporte rodovi\u00e1rio de carga por conta de terceiro e mediante remunera\u00e7\u00e3o sem portar os documentos obrigat\u00f3rios definidos no art. 39 da Resolu\u00e7\u00e3o ANTT 3.056, de 2009<\/td><td class=\"column-2\">R$ 550,00<\/td>\n<\/tr>\n<tr class=\"row-12\">\n\t<td class=\"column-1\">Emitir os documentos obrigat\u00f3rios definidos no art. 39 da Resolu\u00e7\u00e3o ANTT 3.056, de 2009, para fins de transporte rodovi\u00e1rio de cargas por conta de terceiros e mediante remunera\u00e7\u00e3o, em desacordo ao regulamentado<\/td><td class=\"column-2\">R$ 550,00<\/td>\n<\/tr>\n<tr class=\"row-13\">\n\t<td class=\"column-1\">Efetuar transporte rodovi\u00e1rio de carga por conta de terceiro e mediante remunera\u00e7\u00e3o sem identifica\u00e7\u00e3o do RNTRC no ve\u00edculo ou com identifica\u00e7\u00e3o em desacordo ao regulamentado<\/td><td class=\"column-2\">R$ 550,00<\/td>\n<\/tr>\n<tr class=\"row-14\">\n\t<td class=\"column-1\">N\u00e3o atualizar informa\u00e7\u00f5es cadastrais no prazo de 30 dias<\/td><td class=\"column-2\">R$ 550, 00 e suspens\u00e3o do RNTRC at\u00e9 a regulariza\u00e7\u00e3o<\/td>\n<\/tr>\n<\/tbody>\n<\/table>\n<!-- #tablepress-1 from cache --><\/div>\n\t\t\t\t\t\t<\/div>\n\t\t\t\t<\/div>\n\t\t\t\t\t<\/div>\n\t\t<\/div>\n\t\t\t\t\t<\/div>\n\t\t<\/section>\n\t\t\t\t<\/div>\n\t\t","protected":false},"excerpt":{"rendered":"<p>Infra\u00e7\u00f5es e Penalidades<\/p>\n","protected":false},"author":1,"featured_media":0,"parent":0,"menu_order":0,"comment_status":"closed","ping_status":"closed","template":"elementor_header_footer","meta":{"footnotes":""},"class_list":["post-57","page","type-page","status-publish","hentry"],"_links":{"self":[{"href":"https:\/\/posto-antt.com.br\/index.php?rest_route=\/wp\/v2\/pages\/57","targetHints":{"allow":["GET"]}}],"collection":[{"href":"https:\/\/posto-antt.com.br\/index.php?rest_route=\/wp\/v2\/pages"}],"about":[{"href":"https:\/\/posto-antt.com.br\/index.php?rest_route=\/wp\/v2\/types\/page"}],"author":[{"embeddable":true,"href":"https:\/\/posto-antt.com.br\/index.php?rest_route=\/wp\/v2\/users\/1"}],"replies":[{"embeddable":true,"href":"https:\/\/posto-antt.com.br\/index.php?rest_route=%2Fwp%2Fv2%2Fcomments&post=57"}],"version-history":[{"count":7,"href":"https:\/\/posto-antt.com.br\/index.php?rest_route=\/wp\/v2\/pages\/57\/revisions"}],"predecessor-version":[{"id":107,"href":"https:\/\/posto-antt.com.br\/index.php?rest_route=\/wp\/v2\/pages\/57\/revisions\/107"}],"wp:attachment":[{"href":"https:\/\/posto-antt.com.br\/index.php?rest_route=%2Fwp%2Fv2%2Fmedia&parent=57"}],"curies":[{"name":"wp","href":"https:\/\/api.w.org\/{rel}","templated":true}]}}