{"id":562,"date":"2023-02-22T15:20:31","date_gmt":"2023-02-22T15:20:31","guid":{"rendered":"https:\/\/posto-antt.com.br\/?page_id=562"},"modified":"2023-02-22T15:21:13","modified_gmt":"2023-02-22T15:21:13","slug":"politica-de-privacidade","status":"publish","type":"page","link":"https:\/\/posto-antt.com.br\/?page_id=562","title":{"rendered":"Pol\u00edtica de Privacidade"},"content":{"rendered":"\t\t<div data-elementor-type=\"wp-page\" data-elementor-id=\"562\" class=\"elementor elementor-562\">\n\t\t\t\t\t\t<section class=\"elementor-section elementor-top-section elementor-element elementor-element-1162c30 elementor-section-boxed elementor-section-height-default elementor-section-height-default\" data-id=\"1162c30\" data-element_type=\"section\">\n\t\t\t\t\t\t<div class=\"elementor-container elementor-column-gap-default\">\n\t\t\t\t\t<div class=\"elementor-column elementor-col-100 elementor-top-column elementor-element elementor-element-2e07a9c\" data-id=\"2e07a9c\" data-element_type=\"column\">\n\t\t\t<div class=\"elementor-widget-wrap elementor-element-populated\">\n\t\t\t\t\t\t<div class=\"elementor-element elementor-element-16f4c65 elementor-widget elementor-widget-text-editor\" data-id=\"16f4c65\" data-element_type=\"widget\" data-widget_type=\"text-editor.default\">\n\t\t\t\t<div class=\"elementor-widget-container\">\n\t\t\t\t\t\t\t\t\t<p>Pol\u00edtica de Privacidade<br \/>Coleta de Informa\u00e7\u00f5es<br \/>Coletamos informa\u00e7\u00f5es no momento nos envia mensagem, preenche algum formul\u00e1rio ou navega em nosso site. Ao utilizar nosso site, o usu\u00e1rio reconhece e aceita este recolhimento, conforme descrito nesta Pol\u00edtica de Privacidade.<\/p><p>Nos reservamos o direito de alterar este documento a qualquer momento. As altera\u00e7\u00f5es ser\u00e3o informadas por meio dos nossos canais oficiais de comunica\u00e7\u00e3o com o usu\u00e1rio que, ao manter-se cadastrado no site, demonstra que concorda com as altera\u00e7\u00f5es realizadas.<\/p><p>Uso das informa\u00e7\u00f5es<br \/>As informa\u00e7\u00f5es coletadas s\u00e3o usadas para as seguintes finalidades:<\/p><p>Processo de transa\u00e7\u00f5es<br \/>N\u00e3o vendemos ou trocamos informa\u00e7\u00f5es, sejam p\u00fablicas ou privadas, com qualquer outra empresa por qualquer motivo sem o seu consentimento. As informa\u00e7\u00f5es ser\u00e3o usadas apenas para o processo de transa\u00e7\u00f5es banc\u00e1rias com as institui\u00e7\u00f5es homologadas para o pagamento. Envio de Novidades e Promo\u00e7\u00f5es O e-mail informado no seu cadastro pode ser usado para enviar novidades, promo\u00e7\u00f5es ou atualiza\u00e7\u00f5es com rela\u00e7\u00e3o \u00e0s suas compras. Caso queira cancelar o recebimento de e-mails, basta seguir as instru\u00e7\u00f5es discriminadas no final de cada e-mail. Personalizar Atendimento e Experi\u00eancia As informa\u00e7\u00f5es de navega\u00e7\u00e3o e os feedbacks enviados, nos ajudam a melhorar nosso site e a responder melhor \u00e0s necessidades de cada usu\u00e1rio. Al\u00e9m das informa\u00e7\u00f5es pessoais fornecidas, utilizamos ferramentas para recolher outros dados t\u00e9cnicos, como o endere\u00e7o de protocolo de Internet do Usu\u00e1rio, sistema operacional do computador, tipo de browser, idioma e comportamento de navega\u00e7\u00e3o. As informa\u00e7\u00f5es recolhidas n\u00e3o s\u00e3o fornecidas a terceiros, com exce\u00e7\u00e3o de casos onde s\u00e3o necess\u00e1rios para responder \u00e0s solicita\u00e7\u00f5es de entidades governamentais e casos onde entendermos que \u00e9 necess\u00e1ria a sua divulga\u00e7\u00e3o, como responder \u00e0s reclama\u00e7\u00f5es que o conte\u00fado submetido ao site infringe direitos de terceiros, seguran\u00e7a da empresa, dos usu\u00e1rios e\/ou do p\u00fablico em geral.<\/p><p>Nos reservamos o direito de fazer uso das informa\u00e7\u00f5es armazenadas em nossos bancos de dados por um prazo razo\u00e1vel, sem que exceda os requisitos ou limita\u00e7\u00f5es legais, para elucidar quaisquer disputas, solucionar problemas e garantir nossos direitos. A nosso crit\u00e9rio, tamb\u00e9m usaremos essas informa\u00e7\u00f5es para identificar Usu\u00e1rios com m\u00faltiplas identidades ou pseud\u00f4nimos para fins legais e\/ou de seguran\u00e7a.<\/p><p>Em outra hip\u00f3tese, se formos obrigados por lei, ordem judicial ou outro processo legal, a divulgar alguma informa\u00e7\u00e3o pessoal do Usu\u00e1rio, n\u00e3o hesitaremos em cooperar com estes agentes. Assim, por meio dos termos aqui descritos, o Usu\u00e1rio nos autoriza a divulgar estas informa\u00e7\u00f5es pessoais para atender aos fins acima indicados.<\/p><p>Cookies<br \/>Um cookie \u00e9 um pequeno texto enviado ao navegador pelo site que voc\u00ea visita. Com ele, o site lembra das informa\u00e7\u00f5es sobre sua \u00faltima visita e torna seu pr\u00f3ximo acesso mais otimizado, deixando o site mais \u00fatil para voc\u00ea.<\/p><p>Por exemplo, usamos cookies para lembrar seu idioma preferido, mostrar an\u00fancios mais relevantes para voc\u00ea, contar quantos visitantes recebemos em uma p\u00e1gina, ajudar voc\u00ea a se inscrever nos nossos servi\u00e7os e proteger seus dados.<\/p><p>Ao aceitar nossa pol\u00edtica de Cookies, clicando no bot\u00e3o \u201cli e concordo\u201d, presente em nossa pagina inicial, voc\u00ea declara que est\u00e1 ciente da coleta de suas prefer\u00eancias e concorda com a utiliza\u00e7\u00e3o de Cookies armazenados em seu navegador.<\/p><p>Prote\u00e7\u00e3o das informa\u00e7\u00f5es<br \/>N\u00f3s implementamos uma variedade de medidas de seguran\u00e7a para manter a seguran\u00e7a de suas informa\u00e7\u00f5es pessoais quando voc\u00ea envia um pagamento, faz login, envia ou acessa suas informa\u00e7\u00f5es pessoais. Faremos todo o poss\u00edvel para manter a privacidade das informa\u00e7\u00f5es pessoais e informa\u00e7\u00f5es de acesso armazenados em nossos servidores, comprometendo-se a utilizar tecnologia que seja suficientemente adequada para a prote\u00e7\u00e3o de tais dados, procurando manter o ambiente seguro, com uso de ferramentas apropriadas e controles eficientes de seguran\u00e7a das informa\u00e7\u00f5es coletadas. Respeitamos toda e qualquer legisla\u00e7\u00e3o vigente sobre prote\u00e7\u00e3o de dados e privacidade dos nossos usu\u00e1rios.<\/p><p>Obriga\u00e7\u00f5es do Usu\u00e1rio<br \/>\u00c9 dever do Usu\u00e1rio obedecer aos atuais Termos e Condi\u00e7\u00f5es de Servi\u00e7o e Pol\u00edtica de Privacidade, o que inclui respeitar propriedade intelectual de terceiros. O Usu\u00e1rio n\u00e3o deve executar download, upload ou qualquer forma de dissemina\u00e7\u00e3o de material ou informa\u00e7\u00e3o de car\u00e1ter violento, ofensivo, racista ou xenof\u00f3bico ou qualquer um que viole nossos objetivos e a integridade de nossos usu\u00e1rios. O Usu\u00e1rio n\u00e3o deve fornecer qualquer informa\u00e7\u00e3o que ele causar danos \u00e0 sua pessoa, profissional ou socialmente. Ao usar nosso site, o usu\u00e1rio declara estar de acordo com a pol\u00edtica de privacidade.<\/p><p>Menores de idade<br \/>Informa\u00e7\u00f5es de menores de idade n\u00e3o poder\u00e3o ser submetidas ao nosso site sem o pr\u00e9vio consentimento dos pais ou respons\u00e1vel. \u00c9 proibido que menores de idade naveguem e fa\u00e7am uso dos nossos servi\u00e7os, sem o referido consentimento. Ao aceitar estes termos, fica entendido que este consentimento foi dado pelos pais ou respons\u00e1vel, ficando estes exclusivamente respons\u00e1veis pelo conte\u00fado acessado pelos menores de idade.<\/p><p>Sobre o Despachante MS:<br \/>O Despachante MS n\u00e3o possui nenhuma filial e n\u00e3o \u00e9 vinculado a nenhum outro despachante ou servi\u00e7o semelhante. O Despachante MS \u00e9 uma marca \u00fanica e n\u00e3o conta com sites parceiros de empresas do mesmo ramo.<\/p><p>Caso voc\u00ea suspeite de alguma comunica\u00e7\u00e3o feita em nome do Despachante MS ou receba um e-mail, veja algum an\u00fancio, acesse algum site ou seja contatado por algu\u00e9m se passando por um parceiro, encerre o contato imediatamente, pois voc\u00ea pode estar sendo v\u00edtima de uma tentativa de fraude.<\/p><p>Todos os pagamentos processados por meio da plataforma Despachante MS s\u00e3o garantidos com seguran\u00e7a SSL e tecnologia Mercado Pago. N\u00e3o h\u00e1, em nenhuma hip\u00f3tese, pedido de pagamento antecipado via dep\u00f3sito para nenhum servi\u00e7o oferecido pelo Despachante MS.<\/p><p>Importante: o Despachante MS n\u00e3o envia boletos para clientes pelo Whatsapp ou outras m\u00eddias, todos os pagamentos s\u00e3o feitos e orientados nos consultores.<\/p><p>Afiliados: possu\u00edmos servi\u00e7os de afiliados, mas n\u00e3o nos responsabilizamos pelas regras n\u00e3o obedecidas por eles. Visto que h\u00e1 um grande volume de parceiros que se afiliam, n\u00e3o \u00e9 poss\u00edvel monitorar todo os seus materiais de divulga\u00e7\u00e3o. Portanto, qualquer d\u00favida consulte nosso site e nossos atendentes.<\/p>\t\t\t\t\t\t\t\t<\/div>\n\t\t\t\t<\/div>\n\t\t\t\t\t<\/div>\n\t\t<\/div>\n\t\t\t\t\t<\/div>\n\t\t<\/section>\n\t\t\t\t<\/div>\n\t\t","protected":false},"excerpt":{"rendered":"<p>Pol\u00edtica de PrivacidadeColeta de Informa\u00e7\u00f5esColetamos informa\u00e7\u00f5es no momento nos envia mensagem, preenche algum formul\u00e1rio ou navega em nosso site. Ao utilizar nosso site, o usu\u00e1rio reconhece e aceita este recolhimento, conforme descrito nesta Pol\u00edtica de Privacidade. Nos reservamos o direito de alterar este documento a qualquer momento. As altera\u00e7\u00f5es ser\u00e3o informadas por meio dos nossos<span class=\"read-more-faq\"><a href=\"https:\/\/posto-antt.com.br\/?page_id=562\">Read More<\/a><\/span><\/p>\n","protected":false},"author":1,"featured_media":0,"parent":0,"menu_order":0,"comment_status":"closed","ping_status":"closed","template":"elementor_header_footer","meta":{"footnotes":""},"class_list":["post-562","page","type-page","status-publish","hentry"],"_links":{"self":[{"href":"https:\/\/posto-antt.com.br\/index.php?rest_route=\/wp\/v2\/pages\/562","targetHints":{"allow":["GET"]}}],"collection":[{"href":"https:\/\/posto-antt.com.br\/index.php?rest_route=\/wp\/v2\/pages"}],"about":[{"href":"https:\/\/posto-antt.com.br\/index.php?rest_route=\/wp\/v2\/types\/page"}],"author":[{"embeddable":true,"href":"https:\/\/posto-antt.com.br\/index.php?rest_route=\/wp\/v2\/users\/1"}],"replies":[{"embeddable":true,"href":"https:\/\/posto-antt.com.br\/index.php?rest_route=%2Fwp%2Fv2%2Fcomments&post=562"}],"version-history":[{"count":4,"href":"https:\/\/posto-antt.com.br\/index.php?rest_route=\/wp\/v2\/pages\/562\/revisions"}],"predecessor-version":[{"id":567,"href":"https:\/\/posto-antt.com.br\/index.php?rest_route=\/wp\/v2\/pages\/562\/revisions\/567"}],"wp:attachment":[{"href":"https:\/\/posto-antt.com.br\/index.php?rest_route=%2Fwp%2Fv2%2Fmedia&parent=562"}],"curies":[{"name":"wp","href":"https:\/\/api.w.org\/{rel}","templated":true}]}}