{"id":56,"date":"2021-05-06T19:45:19","date_gmt":"2021-05-06T19:45:19","guid":{"rendered":"http:\/\/posto-antt.com.br\/?page_id=56"},"modified":"2021-05-06T20:12:36","modified_gmt":"2021-05-06T20:12:36","slug":"fiscalizacao","status":"publish","type":"page","link":"https:\/\/posto-antt.com.br\/?page_id=56","title":{"rendered":"Fiscaliza\u00e7\u00e3o"},"content":{"rendered":"\t\t<div data-elementor-type=\"wp-page\" data-elementor-id=\"56\" class=\"elementor elementor-56\">\n\t\t\t\t\t\t<section class=\"elementor-section elementor-top-section elementor-element elementor-element-34fe32b elementor-section-boxed elementor-section-height-default elementor-section-height-default\" data-id=\"34fe32b\" data-element_type=\"section\">\n\t\t\t\t\t\t<div class=\"elementor-container elementor-column-gap-default\">\n\t\t\t\t\t<div class=\"elementor-column elementor-col-100 elementor-top-column elementor-element elementor-element-eccf604\" data-id=\"eccf604\" data-element_type=\"column\">\n\t\t\t<div class=\"elementor-widget-wrap elementor-element-populated\">\n\t\t\t\t\t\t<div class=\"elementor-element elementor-element-694eab6 elementor-widget elementor-widget-heading\" data-id=\"694eab6\" data-element_type=\"widget\" data-widget_type=\"heading.default\">\n\t\t\t\t<div class=\"elementor-widget-container\">\n\t\t\t\t\t<h3 class=\"elementor-heading-title elementor-size-default\">Fiscaliza\u00e7\u00e3o<\/h3>\t\t\t\t<\/div>\n\t\t\t\t<\/div>\n\t\t\t\t\t<\/div>\n\t\t<\/div>\n\t\t\t\t\t<\/div>\n\t\t<\/section>\n\t\t\t\t<section class=\"elementor-section elementor-top-section elementor-element elementor-element-6e6ff1a elementor-section-boxed elementor-section-height-default elementor-section-height-default\" data-id=\"6e6ff1a\" data-element_type=\"section\">\n\t\t\t\t\t\t<div class=\"elementor-container elementor-column-gap-default\">\n\t\t\t\t\t<div class=\"elementor-column elementor-col-100 elementor-top-column elementor-element elementor-element-3c2d330\" data-id=\"3c2d330\" data-element_type=\"column\">\n\t\t\t<div class=\"elementor-widget-wrap elementor-element-populated\">\n\t\t\t\t\t\t<div class=\"elementor-element elementor-element-de70371 elementor-widget elementor-widget-text-editor\" data-id=\"de70371\" data-element_type=\"widget\" data-widget_type=\"text-editor.default\">\n\t\t\t\t<div class=\"elementor-widget-container\">\n\t\t\t\t\t\t\t\t\t<p>O exerc\u00edcio da atividade econ\u00f4mica, de natureza comercial, de transporte rodovi\u00e1rio de cargas por conta de terceiros e mediante remunera\u00e7\u00e3o, depende de pr\u00e9via inscri\u00e7\u00e3o no RNTRC. O porte do CRNTRC, emitido pela ANTT, tem car\u00e1ter obrigat\u00f3rio e ser\u00e1 fiscalizado, pela ANTT e \u00d3rg\u00e3os conveniados, em todas as vias p\u00fablicas do territ\u00f3rio nacional.<br \/><br \/>Na fiscaliza\u00e7\u00e3o do RNTRC, ser\u00e3o exigidos dos transportadores de carga ou do condutor:<br \/>\u2022 Contrato ou Conhecimento deTransporte Rodovi\u00e1rio de Cargas, que poder\u00e1 ser substitu\u00eddo por outro documento fiscal, desde que contenham as informa\u00e7\u00f5es necess\u00e1rias, tratadas nos artigos 23 e 39 da\u00a0<a href=\"https:\/\/despachantems.com.br\/downloads\/resolucao\/RESOLUCAO_CONTRAN_3056_09.pdf\">Resolu\u00e7\u00e3o ANTT n\u00ba 3.056\/2009<\/a>.<br \/>\u2022 Certificado de Inscri\u00e7\u00e3o no Registro Nacional de Transportadores Rodovi\u00e1rios de Cargas \u2013 CRNTRC, em tamanho natural ou reduzido, desde que leg\u00edvel, admitida a impress\u00e3o em preto e branco, ou do Certificado de Registro e Licenciamento de Ve\u00edculos \u2013 CRLV contendo o n\u00famero do RNTRC<br \/>\u2022 Identifica\u00e7\u00e3o do n\u00famero de inscri\u00e7\u00e3o no RNTRC nas laterais dos ve\u00edculos, na forma prevista na\u00a0<a href=\"https:\/\/despachantems.com.br\/downloads\/resolucao\/RESOLUCAO_CONTRAN_3056_09.pdf\">Resolu\u00e7\u00e3o ANTT n\u00ba 3.056\/2009<\/a>.<\/p>\t\t\t\t\t\t\t\t<\/div>\n\t\t\t\t<\/div>\n\t\t\t\t\t<\/div>\n\t\t<\/div>\n\t\t\t\t\t<\/div>\n\t\t<\/section>\n\t\t\t\t<\/div>\n\t\t","protected":false},"excerpt":{"rendered":"<p>Fiscaliza\u00e7\u00e3o O exerc\u00edcio da atividade econ\u00f4mica, de natureza comercial, de transporte rodovi\u00e1rio de cargas por conta de terceiros e mediante remunera\u00e7\u00e3o, depende de pr\u00e9via inscri\u00e7\u00e3o no RNTRC. O porte do CRNTRC, emitido pela ANTT, tem car\u00e1ter obrigat\u00f3rio e ser\u00e1 fiscalizado, pela ANTT e \u00d3rg\u00e3os conveniados, em todas as vias p\u00fablicas do territ\u00f3rio nacional. Na fiscaliza\u00e7\u00e3o<span class=\"read-more-faq\"><a href=\"https:\/\/posto-antt.com.br\/?page_id=56\">Read More<\/a><\/span><\/p>\n","protected":false},"author":1,"featured_media":0,"parent":0,"menu_order":0,"comment_status":"closed","ping_status":"closed","template":"elementor_header_footer","meta":{"footnotes":""},"class_list":["post-56","page","type-page","status-publish","hentry"],"_links":{"self":[{"href":"https:\/\/posto-antt.com.br\/index.php?rest_route=\/wp\/v2\/pages\/56","targetHints":{"allow":["GET"]}}],"collection":[{"href":"https:\/\/posto-antt.com.br\/index.php?rest_route=\/wp\/v2\/pages"}],"about":[{"href":"https:\/\/posto-antt.com.br\/index.php?rest_route=\/wp\/v2\/types\/page"}],"author":[{"embeddable":true,"href":"https:\/\/posto-antt.com.br\/index.php?rest_route=\/wp\/v2\/users\/1"}],"replies":[{"embeddable":true,"href":"https:\/\/posto-antt.com.br\/index.php?rest_route=%2Fwp%2Fv2%2Fcomments&post=56"}],"version-history":[{"count":4,"href":"https:\/\/posto-antt.com.br\/index.php?rest_route=\/wp\/v2\/pages\/56\/revisions"}],"predecessor-version":[{"id":96,"href":"https:\/\/posto-antt.com.br\/index.php?rest_route=\/wp\/v2\/pages\/56\/revisions\/96"}],"wp:attachment":[{"href":"https:\/\/posto-antt.com.br\/index.php?rest_route=%2Fwp%2Fv2%2Fmedia&parent=56"}],"curies":[{"name":"wp","href":"https:\/\/api.w.org\/{rel}","templated":true}]}}