{"id":535,"date":"2022-11-03T13:20:21","date_gmt":"2022-11-03T13:20:21","guid":{"rendered":"https:\/\/posto-antt.com.br\/?page_id=535"},"modified":"2022-11-03T13:30:13","modified_gmt":"2022-11-03T13:30:13","slug":"documentos-necessarios","status":"publish","type":"page","link":"https:\/\/posto-antt.com.br\/?page_id=535","title":{"rendered":"Documentos necess\u00e1rios"},"content":{"rendered":"\t\t<div data-elementor-type=\"wp-page\" data-elementor-id=\"535\" class=\"elementor elementor-535\">\n\t\t\t\t\t\t<section class=\"elementor-section elementor-top-section elementor-element elementor-element-22bb7b3 elementor-section-stretched elementor-section-boxed elementor-section-height-default elementor-section-height-default\" data-id=\"22bb7b3\" data-element_type=\"section\" data-settings=\"{&quot;stretch_section&quot;:&quot;section-stretched&quot;,&quot;background_background&quot;:&quot;classic&quot;}\">\n\t\t\t\t\t\t<div class=\"elementor-container elementor-column-gap-default\">\n\t\t\t\t\t<div class=\"elementor-column elementor-col-100 elementor-top-column elementor-element elementor-element-ac893fe\" data-id=\"ac893fe\" data-element_type=\"column\">\n\t\t\t<div class=\"elementor-widget-wrap elementor-element-populated\">\n\t\t\t\t\t\t<div class=\"elementor-element elementor-element-ef7fef5 elementor-widget elementor-widget-text-editor\" data-id=\"ef7fef5\" data-element_type=\"widget\" data-widget_type=\"text-editor.default\">\n\t\t\t\t<div class=\"elementor-widget-container\">\n\t\t\t\t\t\t\t\t\t<p><strong>PESSOA F\u00cdSICA<\/strong><br \/>\u2013 RG ou CPF (ou CNH)<br \/>\u2013 C\u00f3pia do CRV ou CRLV<br \/>\u2013 Endere\u00e7o completo<\/p><p><strong>ANTT (Inclus\u00e3o)<\/strong><br \/>\u2013 Documenta\u00e7\u00e3o do Ve\u00edculo<\/p><p>\u200b<strong>PESSOA JUR\u00cdDICA<\/strong><br \/>\u2013 CNPJ<br \/>\u2013 N\u00ba Contrato Social<br \/>\u2013 N\u00ba Inscri\u00e7\u00e3o Estadual<br \/>\u2013 N\u00ba Alvar\u00e1<br \/>\u2013 Nome do Repres. Legal da Empresa<br \/>\u2013 C\u00f3pia do CRV ou CRLV<\/p>\t\t\t\t\t\t\t\t<\/div>\n\t\t\t\t<\/div>\n\t\t\t\t\t<\/div>\n\t\t<\/div>\n\t\t\t\t\t<\/div>\n\t\t<\/section>\n\t\t\t\t<\/div>\n\t\t","protected":false},"excerpt":{"rendered":"<p>PESSOA F\u00cdSICA\u2013 RG ou CPF (ou CNH)\u2013 C\u00f3pia do CRV ou CRLV\u2013 Endere\u00e7o completo ANTT (Inclus\u00e3o)\u2013 Documenta\u00e7\u00e3o do Ve\u00edculo \u200bPESSOA JUR\u00cdDICA\u2013 CNPJ\u2013 N\u00ba Contrato Social\u2013 N\u00ba Inscri\u00e7\u00e3o Estadual\u2013 N\u00ba Alvar\u00e1\u2013 Nome do Repres. Legal da Empresa\u2013 C\u00f3pia do CRV ou CRLV<\/p>\n","protected":false},"author":1,"featured_media":0,"parent":0,"menu_order":0,"comment_status":"closed","ping_status":"closed","template":"elementor_header_footer","meta":{"footnotes":""},"class_list":["post-535","page","type-page","status-publish","hentry"],"_links":{"self":[{"href":"https:\/\/posto-antt.com.br\/index.php?rest_route=\/wp\/v2\/pages\/535","targetHints":{"allow":["GET"]}}],"collection":[{"href":"https:\/\/posto-antt.com.br\/index.php?rest_route=\/wp\/v2\/pages"}],"about":[{"href":"https:\/\/posto-antt.com.br\/index.php?rest_route=\/wp\/v2\/types\/page"}],"author":[{"embeddable":true,"href":"https:\/\/posto-antt.com.br\/index.php?rest_route=\/wp\/v2\/users\/1"}],"replies":[{"embeddable":true,"href":"https:\/\/posto-antt.com.br\/index.php?rest_route=%2Fwp%2Fv2%2Fcomments&post=535"}],"version-history":[{"count":7,"href":"https:\/\/posto-antt.com.br\/index.php?rest_route=\/wp\/v2\/pages\/535\/revisions"}],"predecessor-version":[{"id":553,"href":"https:\/\/posto-antt.com.br\/index.php?rest_route=\/wp\/v2\/pages\/535\/revisions\/553"}],"wp:attachment":[{"href":"https:\/\/posto-antt.com.br\/index.php?rest_route=%2Fwp%2Fv2%2Fmedia&parent=535"}],"curies":[{"name":"wp","href":"https:\/\/api.w.org\/{rel}","templated":true}]}}