{"id":53,"date":"2021-05-06T19:44:39","date_gmt":"2021-05-06T19:44:39","guid":{"rendered":"http:\/\/posto-antt.com.br\/?page_id=53"},"modified":"2021-05-06T20:08:12","modified_gmt":"2021-05-06T20:08:12","slug":"beneficios","status":"publish","type":"page","link":"https:\/\/posto-antt.com.br\/?page_id=53","title":{"rendered":"Benef\u00edcios"},"content":{"rendered":"\t\t<div data-elementor-type=\"wp-page\" data-elementor-id=\"53\" class=\"elementor elementor-53\">\n\t\t\t\t\t\t<section class=\"elementor-section elementor-top-section elementor-element elementor-element-3e5dada elementor-section-boxed elementor-section-height-default elementor-section-height-default\" data-id=\"3e5dada\" data-element_type=\"section\">\n\t\t\t\t\t\t<div class=\"elementor-container elementor-column-gap-default\">\n\t\t\t\t\t<div class=\"elementor-column elementor-col-100 elementor-top-column elementor-element elementor-element-b986807\" data-id=\"b986807\" data-element_type=\"column\">\n\t\t\t<div class=\"elementor-widget-wrap elementor-element-populated\">\n\t\t\t\t\t\t<div class=\"elementor-element elementor-element-2da4a95 elementor-widget elementor-widget-heading\" data-id=\"2da4a95\" data-element_type=\"widget\" data-widget_type=\"heading.default\">\n\t\t\t\t<div class=\"elementor-widget-container\">\n\t\t\t\t\t<h3 class=\"elementor-heading-title elementor-size-default\">Benef\u00edcios<\/h3>\t\t\t\t<\/div>\n\t\t\t\t<\/div>\n\t\t\t\t\t<\/div>\n\t\t<\/div>\n\t\t\t\t\t<\/div>\n\t\t<\/section>\n\t\t\t\t<section class=\"elementor-section elementor-top-section elementor-element elementor-element-a22c8e6 elementor-section-boxed elementor-section-height-default elementor-section-height-default\" data-id=\"a22c8e6\" data-element_type=\"section\">\n\t\t\t\t\t\t<div class=\"elementor-container elementor-column-gap-default\">\n\t\t\t\t\t<div class=\"elementor-column elementor-col-100 elementor-top-column elementor-element elementor-element-81c22e1\" data-id=\"81c22e1\" data-element_type=\"column\">\n\t\t\t<div class=\"elementor-widget-wrap elementor-element-populated\">\n\t\t\t\t\t\t<div class=\"elementor-element elementor-element-296ebe1 elementor-widget elementor-widget-text-editor\" data-id=\"296ebe1\" data-element_type=\"widget\" data-widget_type=\"text-editor.default\">\n\t\t\t\t<div class=\"elementor-widget-container\">\n\t\t\t\t\t\t\t\t\t<p><b>Aos Transportadores :\u00a0<\/b>regulariza\u00e7\u00e3o do exerc\u00edcio da atividade por meio da habilita\u00e7\u00e3o formal; disciplinamento do mercado; identifica\u00e7\u00e3o de par\u00e2metros de participa\u00e7\u00e3o no mercado; conhecimento do grau de competitividade e inibi\u00e7\u00e3o da atua\u00e7\u00e3o de atravessadores n\u00e3o qualificados.<br \/><br \/><b>Aos Usu\u00e1rios :\u00a0<\/b>maior informa\u00e7\u00e3o sobre a oferta de transporte; maior seguran\u00e7a ao contratar o transportador; redu\u00e7\u00e3o de perdas e roubos de cargas e redu\u00e7\u00e3o de custos dos seguros.<br \/><br \/><b>Ao Pa\u00eds :\u00a0<\/b>conhecimento da oferta do transporte rodovi\u00e1rio de cargas; identifica\u00e7\u00e3o da distribui\u00e7\u00e3o espacial, composi\u00e7\u00e3o e idade m\u00e9dia da frota; delimita\u00e7\u00e3o das \u00e1reas de atua\u00e7\u00e3o (urbana, estadual e regional) dos transportadores; conhecimento da especializa\u00e7\u00e3o da atividade econ\u00f4mica (empresas, cooperativas e aut\u00f4nomos) e fiscaliza\u00e7\u00e3o da atividade.<\/p>\t\t\t\t\t\t\t\t<\/div>\n\t\t\t\t<\/div>\n\t\t\t\t\t<\/div>\n\t\t<\/div>\n\t\t\t\t\t<\/div>\n\t\t<\/section>\n\t\t\t\t<\/div>\n\t\t","protected":false},"excerpt":{"rendered":"<p>Benef\u00edcios Aos Transportadores :\u00a0regulariza\u00e7\u00e3o do exerc\u00edcio da atividade por meio da habilita\u00e7\u00e3o formal; disciplinamento do mercado; identifica\u00e7\u00e3o de par\u00e2metros de participa\u00e7\u00e3o no mercado; conhecimento do grau de competitividade e inibi\u00e7\u00e3o da atua\u00e7\u00e3o de atravessadores n\u00e3o qualificados. Aos Usu\u00e1rios :\u00a0maior informa\u00e7\u00e3o sobre a oferta de transporte; maior seguran\u00e7a ao contratar o transportador; redu\u00e7\u00e3o de perdas e<span class=\"read-more-faq\"><a href=\"https:\/\/posto-antt.com.br\/?page_id=53\">Read More<\/a><\/span><\/p>\n","protected":false},"author":1,"featured_media":0,"parent":0,"menu_order":0,"comment_status":"closed","ping_status":"closed","template":"elementor_header_footer","meta":{"footnotes":""},"class_list":["post-53","page","type-page","status-publish","hentry"],"_links":{"self":[{"href":"https:\/\/posto-antt.com.br\/index.php?rest_route=\/wp\/v2\/pages\/53","targetHints":{"allow":["GET"]}}],"collection":[{"href":"https:\/\/posto-antt.com.br\/index.php?rest_route=\/wp\/v2\/pages"}],"about":[{"href":"https:\/\/posto-antt.com.br\/index.php?rest_route=\/wp\/v2\/types\/page"}],"author":[{"embeddable":true,"href":"https:\/\/posto-antt.com.br\/index.php?rest_route=\/wp\/v2\/users\/1"}],"replies":[{"embeddable":true,"href":"https:\/\/posto-antt.com.br\/index.php?rest_route=%2Fwp%2Fv2%2Fcomments&post=53"}],"version-history":[{"count":4,"href":"https:\/\/posto-antt.com.br\/index.php?rest_route=\/wp\/v2\/pages\/53\/revisions"}],"predecessor-version":[{"id":90,"href":"https:\/\/posto-antt.com.br\/index.php?rest_route=\/wp\/v2\/pages\/53\/revisions\/90"}],"wp:attachment":[{"href":"https:\/\/posto-antt.com.br\/index.php?rest_route=%2Fwp%2Fv2%2Fmedia&parent=53"}],"curies":[{"name":"wp","href":"https:\/\/api.w.org\/{rel}","templated":true}]}}