{"id":52,"date":"2021-05-06T19:44:26","date_gmt":"2021-05-06T19:44:26","guid":{"rendered":"http:\/\/posto-antt.com.br\/?page_id=52"},"modified":"2021-05-06T20:58:16","modified_gmt":"2021-05-06T20:58:16","slug":"modelo-de-certificado","status":"publish","type":"page","link":"https:\/\/posto-antt.com.br\/?page_id=52","title":{"rendered":"Modelo de Certificado"},"content":{"rendered":"\t\t<div data-elementor-type=\"wp-page\" data-elementor-id=\"52\" class=\"elementor elementor-52\">\n\t\t\t\t\t\t<section class=\"elementor-section elementor-top-section elementor-element elementor-element-914f83d elementor-section-boxed elementor-section-height-default elementor-section-height-default\" data-id=\"914f83d\" data-element_type=\"section\">\n\t\t\t\t\t\t<div class=\"elementor-container elementor-column-gap-default\">\n\t\t\t\t\t<div class=\"elementor-column elementor-col-100 elementor-top-column elementor-element elementor-element-89551d1\" data-id=\"89551d1\" data-element_type=\"column\">\n\t\t\t<div class=\"elementor-widget-wrap elementor-element-populated\">\n\t\t\t\t\t\t<div class=\"elementor-element elementor-element-b75d8b5 elementor-widget elementor-widget-heading\" data-id=\"b75d8b5\" data-element_type=\"widget\" data-widget_type=\"heading.default\">\n\t\t\t\t<div class=\"elementor-widget-container\">\n\t\t\t\t\t<h3 class=\"elementor-heading-title elementor-size-default\">Modelo de Certificado e de Identifica\u00e7\u00e3o do Transportador no Ve\u00edculo<\/h3>\t\t\t\t<\/div>\n\t\t\t\t<\/div>\n\t\t\t\t\t<\/div>\n\t\t<\/div>\n\t\t\t\t\t<\/div>\n\t\t<\/section>\n\t\t\t\t<section class=\"elementor-section elementor-top-section elementor-element elementor-element-2c22d16 elementor-section-boxed elementor-section-height-default elementor-section-height-default\" data-id=\"2c22d16\" data-element_type=\"section\">\n\t\t\t\t\t\t<div class=\"elementor-container elementor-column-gap-default\">\n\t\t\t\t\t<div class=\"elementor-column elementor-col-100 elementor-top-column elementor-element elementor-element-b6b1d56\" data-id=\"b6b1d56\" data-element_type=\"column\">\n\t\t\t<div class=\"elementor-widget-wrap elementor-element-populated\">\n\t\t\t\t\t\t<div class=\"elementor-element elementor-element-4606f9b elementor-widget elementor-widget-text-editor\" data-id=\"4606f9b\" data-element_type=\"widget\" data-widget_type=\"text-editor.default\">\n\t\t\t\t<div class=\"elementor-widget-container\">\n\t\t\t\t\t\t\t\t\t<p>Conforme a\u00a0<a href=\"https:\/\/despachantems.com.br\/downloads\/resolucao\/RESOLUCAO_CONTRAN_3861_12.pdf\">Resolu\u00e7\u00e3o ANTT 3.861, de 10 de julho de 2012<\/a>, novos modelos de identifica\u00e7\u00e3o no ve\u00edculo e do certificado do RNTRC passam a vigorar a partir de 15 de setembro de 2012.<br \/><u>Esclarecemos que os transportadores poder\u00e3o utilizar os modelos v\u00e1lidos \u00e0 \u00e9poca de seu cadastramento ou recadastramento ou antecipar o uso dos novos modelos.<\/u><br \/><br \/>\u2022 Certificado do RNTRC<br \/><br \/>Este certificado \u00e9 emitido imediatamente ap\u00f3s a verifica\u00e7\u00e3o dos requisitos para o RNTRC e entregue pela entidade ao transportador. Entre outros documentos, o transportador deve apresentar \u00e0 fiscaliza\u00e7\u00e3o este certificado em tamanho natural ou reduzido, desde que leg\u00edvel, admitida a impress\u00e3o em preto e branco, ou o CRLV (Certificado de Registro e Licenciamento de Ve\u00edculos) contendo o n\u00famero do RNTRC.<br \/><br \/>\u2022 Identifica\u00e7\u00e3o do Transportador no Ve\u00edculo<br \/><br \/>A identifica\u00e7\u00e3o de todos os ve\u00edculos inscritos no RNTRC \u00e9 obrigat\u00f3ria, mediante a marca\u00e7\u00e3o do c\u00f3digo do registro nas laterais externas da cabine de cada ve\u00edculo automotor e de cada reboque e semirreboque, em ambos os lados , e em locais vis\u00edveis. Cabe ressaltar que \u00e9 permitida a impress\u00e3o em preto e branco.<\/p>\t\t\t\t\t\t\t\t<\/div>\n\t\t\t\t<\/div>\n\t\t\t\t\t<\/div>\n\t\t<\/div>\n\t\t\t\t\t<\/div>\n\t\t<\/section>\n\t\t\t\t<section class=\"elementor-section elementor-top-section elementor-element elementor-element-fb68cd4 elementor-section-boxed elementor-section-height-default elementor-section-height-default\" data-id=\"fb68cd4\" data-element_type=\"section\">\n\t\t\t\t\t\t<div class=\"elementor-container elementor-column-gap-default\">\n\t\t\t\t\t<div class=\"elementor-column elementor-col-100 elementor-top-column elementor-element elementor-element-2f37ea8\" data-id=\"2f37ea8\" data-element_type=\"column\">\n\t\t\t<div class=\"elementor-widget-wrap elementor-element-populated\">\n\t\t\t\t\t\t<div class=\"elementor-element elementor-element-9778c28 elementor-widget elementor-widget-text-editor\" data-id=\"9778c28\" data-element_type=\"widget\" data-widget_type=\"text-editor.default\">\n\t\t\t\t<div class=\"elementor-widget-container\">\n\t\t\t\t\t\t\t\t\t<p><strong>Modelos<\/strong><\/p><p><img decoding=\"async\" src=\"https:\/\/despachantems.com.br\/images\/ico_pdf.gif\" width=\"24\" height=\"24\" \/><a href=\"https:\/\/www.antt.gov.br\/html\/objects\/_downloadblob.php?cod_blob=5977\">Certificado<\/a><\/p><div class=\"obs1\">Tamanho do arquivo: 14,12 KB<\/div><p><img decoding=\"async\" src=\"https:\/\/despachantems.com.br\/images\/ico_pdf.gif\" width=\"24\" height=\"24\" \/><a href=\"https:\/\/www.antt.gov.br\/html\/objects\/_downloadblob.php?cod_blob=5978\">Identifica\u00e7\u00e3o TAC<\/a><\/p><div class=\"obs1\">Tamanho do arquivo: 52,45 KB<\/div><p><img decoding=\"async\" src=\"https:\/\/despachantems.com.br\/images\/ico_pdf.gif\" width=\"24\" height=\"24\" \/><a href=\"https:\/\/www.antt.gov.br\/html\/objects\/_downloadblob.php?cod_blob=5979\">Identifica\u00e7\u00e3o ETC<\/a><\/p><div class=\"obs1\">Tamanho do arquivo: 52,35 KB<\/div><p><img decoding=\"async\" src=\"https:\/\/despachantems.com.br\/images\/ico_pdf.gif\" width=\"24\" height=\"24\" \/><a href=\"https:\/\/www.antt.gov.br\/html\/objects\/_downloadblob.php?cod_blob=5980\">Identifica\u00e7\u00e3o CTC<\/a><\/p><div class=\"obs1\">Tamanho do arquivo: 35,38 KB<\/div>\t\t\t\t\t\t\t\t<\/div>\n\t\t\t\t<\/div>\n\t\t\t\t\t<\/div>\n\t\t<\/div>\n\t\t\t\t\t<\/div>\n\t\t<\/section>\n\t\t\t\t<\/div>\n\t\t","protected":false},"excerpt":{"rendered":"<p>Modelo de Certificado e de Identifica\u00e7\u00e3o do Transportador no Ve\u00edculo Conforme a\u00a0Resolu\u00e7\u00e3o ANTT 3.861, de 10 de julho de 2012, novos modelos de identifica\u00e7\u00e3o no ve\u00edculo e do certificado do RNTRC passam a vigorar a partir de 15 de setembro de 2012.Esclarecemos que os transportadores poder\u00e3o utilizar os modelos v\u00e1lidos \u00e0 \u00e9poca de seu cadastramento<span class=\"read-more-faq\"><a href=\"https:\/\/posto-antt.com.br\/?page_id=52\">Read More<\/a><\/span><\/p>\n","protected":false},"author":1,"featured_media":0,"parent":0,"menu_order":0,"comment_status":"closed","ping_status":"closed","template":"elementor_header_footer","meta":{"footnotes":""},"class_list":["post-52","page","type-page","status-publish","hentry"],"_links":{"self":[{"href":"https:\/\/posto-antt.com.br\/index.php?rest_route=\/wp\/v2\/pages\/52","targetHints":{"allow":["GET"]}}],"collection":[{"href":"https:\/\/posto-antt.com.br\/index.php?rest_route=\/wp\/v2\/pages"}],"about":[{"href":"https:\/\/posto-antt.com.br\/index.php?rest_route=\/wp\/v2\/types\/page"}],"author":[{"embeddable":true,"href":"https:\/\/posto-antt.com.br\/index.php?rest_route=\/wp\/v2\/users\/1"}],"replies":[{"embeddable":true,"href":"https:\/\/posto-antt.com.br\/index.php?rest_route=%2Fwp%2Fv2%2Fcomments&post=52"}],"version-history":[{"count":4,"href":"https:\/\/posto-antt.com.br\/index.php?rest_route=\/wp\/v2\/pages\/52\/revisions"}],"predecessor-version":[{"id":112,"href":"https:\/\/posto-antt.com.br\/index.php?rest_route=\/wp\/v2\/pages\/52\/revisions\/112"}],"wp:attachment":[{"href":"https:\/\/posto-antt.com.br\/index.php?rest_route=%2Fwp%2Fv2%2Fmedia&parent=52"}],"curies":[{"name":"wp","href":"https:\/\/api.w.org\/{rel}","templated":true}]}}