{"id":50,"date":"2021-05-06T19:41:02","date_gmt":"2021-05-06T19:41:02","guid":{"rendered":"http:\/\/posto-antt.com.br\/?page_id=50"},"modified":"2021-05-06T21:16:53","modified_gmt":"2021-05-06T21:16:53","slug":"legislacao","status":"publish","type":"page","link":"https:\/\/posto-antt.com.br\/?page_id=50","title":{"rendered":"Legisla\u00e7\u00e3o"},"content":{"rendered":"\t\t<div data-elementor-type=\"wp-page\" data-elementor-id=\"50\" class=\"elementor elementor-50\">\n\t\t\t\t\t\t<section class=\"elementor-section elementor-top-section elementor-element elementor-element-c290765 elementor-section-boxed elementor-section-height-default elementor-section-height-default\" data-id=\"c290765\" data-element_type=\"section\">\n\t\t\t\t\t\t<div class=\"elementor-container elementor-column-gap-default\">\n\t\t\t\t\t<div class=\"elementor-column elementor-col-100 elementor-top-column elementor-element elementor-element-1420eb1\" data-id=\"1420eb1\" data-element_type=\"column\">\n\t\t\t<div class=\"elementor-widget-wrap elementor-element-populated\">\n\t\t\t\t\t\t<div class=\"elementor-element elementor-element-5980f31 elementor-widget elementor-widget-heading\" data-id=\"5980f31\" data-element_type=\"widget\" data-widget_type=\"heading.default\">\n\t\t\t\t<div class=\"elementor-widget-container\">\n\t\t\t\t\t<h3 class=\"elementor-heading-title elementor-size-default\">Benef\u00edcios<\/h3>\t\t\t\t<\/div>\n\t\t\t\t<\/div>\n\t\t\t\t\t<\/div>\n\t\t<\/div>\n\t\t\t\t\t<\/div>\n\t\t<\/section>\n\t\t\t\t<section class=\"elementor-section elementor-top-section elementor-element elementor-element-3a809f9 elementor-section-boxed elementor-section-height-default elementor-section-height-default\" data-id=\"3a809f9\" data-element_type=\"section\">\n\t\t\t\t\t\t<div class=\"elementor-container elementor-column-gap-default\">\n\t\t\t\t\t<div class=\"elementor-column elementor-col-100 elementor-top-column elementor-element elementor-element-caff3eb\" data-id=\"caff3eb\" data-element_type=\"column\">\n\t\t\t<div class=\"elementor-widget-wrap elementor-element-populated\">\n\t\t\t\t\t\t<div class=\"elementor-element elementor-element-fb9a081 elementor-widget elementor-widget-text-editor\" data-id=\"fb9a081\" data-element_type=\"widget\" data-widget_type=\"text-editor.default\">\n\t\t\t\t<div class=\"elementor-widget-container\">\n\t\t\t\t\t\t\t\t\t<p><img decoding=\"async\" src=\"https:\/\/despachantems.com.br\/images\/ico_link.gif\" width=\"24\" height=\"24\" \/><a href=\"https:\/\/www.planalto.gov.br\/ccivil_03\/Leis\/LEIS_2001\/L10233.htm\" target=\"_blank\" rel=\"noopener\">Lei 10.233, de 05 de junho de 2001<\/a><br \/><img decoding=\"async\" src=\"https:\/\/despachantems.com.br\/images\/ico_pdf.gif\" width=\"24\" height=\"24\" \/><a href=\"https:\/\/www.antt.gov.br\/html\/objects\/_downloadblob.php?cod_blob=8001\">NOT\u00cdCIA T\u00c9CNICA 001\/2013<\/a><\/p><div class=\"obs1\">PUBLICADO EM 10\/06\/2013.<\/div><div class=\"obs1\">Tamanho do arquivo: 35,77 KB<\/div><p><img decoding=\"async\" src=\"https:\/\/despachantems.com.br\/images\/ico_link.gif\" width=\"24\" height=\"24\" \/><a href=\"https:\/\/www.planalto.gov.br\/CCIVIL_03\/_Ato2007-2010\/2007\/Lei\/L11442.htm\" target=\"_blank\" rel=\"noopener\">Lei 11.442, de 05 de janeiro de 2007<\/a><br \/><img decoding=\"async\" src=\"https:\/\/despachantems.com.br\/images\/ico_link.gif\" width=\"24\" height=\"24\" \/><a href=\"https:\/\/www.antt.gov.br\/index.php\/content\/view\/4056\/Resolucao_3056.html\" target=\"_blank\" rel=\"noopener\">Resolu\u00e7\u00e3o ANTT 3.05<\/a><\/p>\t\t\t\t\t\t\t\t<\/div>\n\t\t\t\t<\/div>\n\t\t\t\t\t<\/div>\n\t\t<\/div>\n\t\t\t\t\t<\/div>\n\t\t<\/section>\n\t\t\t\t<\/div>\n\t\t","protected":false},"excerpt":{"rendered":"<p>Benef\u00edcios Lei 10.233, de 05 de junho de 2001NOT\u00cdCIA T\u00c9CNICA 001\/2013 PUBLICADO EM 10\/06\/2013.Tamanho do arquivo: 35,77 KB Lei 11.442, de 05 de janeiro de 2007Resolu\u00e7\u00e3o ANTT 3.05<\/p>\n","protected":false},"author":1,"featured_media":0,"parent":0,"menu_order":0,"comment_status":"closed","ping_status":"closed","template":"elementor_header_footer","meta":{"footnotes":""},"class_list":["post-50","page","type-page","status-publish","hentry"],"_links":{"self":[{"href":"https:\/\/posto-antt.com.br\/index.php?rest_route=\/wp\/v2\/pages\/50","targetHints":{"allow":["GET"]}}],"collection":[{"href":"https:\/\/posto-antt.com.br\/index.php?rest_route=\/wp\/v2\/pages"}],"about":[{"href":"https:\/\/posto-antt.com.br\/index.php?rest_route=\/wp\/v2\/types\/page"}],"author":[{"embeddable":true,"href":"https:\/\/posto-antt.com.br\/index.php?rest_route=\/wp\/v2\/users\/1"}],"replies":[{"embeddable":true,"href":"https:\/\/posto-antt.com.br\/index.php?rest_route=%2Fwp%2Fv2%2Fcomments&post=50"}],"version-history":[{"count":4,"href":"https:\/\/posto-antt.com.br\/index.php?rest_route=\/wp\/v2\/pages\/50\/revisions"}],"predecessor-version":[{"id":115,"href":"https:\/\/posto-antt.com.br\/index.php?rest_route=\/wp\/v2\/pages\/50\/revisions\/115"}],"wp:attachment":[{"href":"https:\/\/posto-antt.com.br\/index.php?rest_route=%2Fwp%2Fv2%2Fmedia&parent=50"}],"curies":[{"name":"wp","href":"https:\/\/api.w.org\/{rel}","templated":true}]}}